{"id":9,"date":"2026-02-06T16:37:23","date_gmt":"2026-02-06T16:37:23","guid":{"rendered":"https:\/\/elcentroaranguren.rkinformatika.online\/?page_id=9"},"modified":"2026-02-09T15:17:56","modified_gmt":"2026-02-09T15:17:56","slug":"inicio","status":"publish","type":"page","link":"https:\/\/elcentroaranguren.com\/eu\/","title":{"rendered":"Hasiera"},"content":{"rendered":"<div data-elementor-type=\"wp-page\" data-elementor-id=\"9\" class=\"elementor elementor-9\" data-elementor-post-type=\"page\">\n\t\t\t\t<div class=\"elementor-element elementor-element-117c34f e-flex e-con-boxed e-con e-parent\" data-id=\"117c34f\" data-element_type=\"container\" data-e-type=\"container\" data-settings=\"{&quot;background_background&quot;:&quot;classic&quot;}\">\n\t\t\t\t\t<div class=\"e-con-inner\">\n\t\t\t\t<div class=\"elementor-element elementor-element-fd5c3cf elementor-invisible elementor-widget elementor-widget-heading\" data-id=\"fd5c3cf\" data-element_type=\"widget\" data-e-type=\"widget\" data-settings=\"{&quot;_animation&quot;:&quot;bounce&quot;}\" data-widget_type=\"heading.default\">\n\t\t\t\t\t<h2 class=\"elementor-heading-title elementor-size-default\">El Centro <\/h2>\t\t\t\t<\/div>\n\t\t\t\t<div class=\"elementor-element elementor-element-24312d6 elementor-widget elementor-widget-heading\" data-id=\"24312d6\" data-element_type=\"widget\" data-e-type=\"widget\" data-widget_type=\"heading.default\">\n\t\t\t\t\t<h2 class=\"elementor-heading-title elementor-size-default\">Lagunak dauden lekua<\/h2>\t\t\t\t<\/div>\n\t\t\t\t\t<\/div>\n\t\t\t\t<\/div>\n\t\t<div class=\"elementor-element elementor-element-aeb5518 e-flex e-con-boxed e-con e-parent\" data-id=\"aeb5518\" data-element_type=\"container\" data-e-type=\"container\" data-settings=\"{&quot;background_background&quot;:&quot;classic&quot;}\">\n\t\t\t\t\t<div class=\"e-con-inner\">\n\t\t<div class=\"elementor-element elementor-element-490a05e e-con-full e-flex elementor-invisible e-con e-child\" data-id=\"490a05e\" data-element_type=\"container\" data-e-type=\"container\" data-settings=\"{&quot;animation&quot;:&quot;fadeInUp&quot;}\">\n\t\t\t\t<div class=\"elementor-element elementor-element-0f824ad elementor-widget elementor-widget-heading\" data-id=\"0f824ad\" data-element_type=\"widget\" data-e-type=\"widget\" data-widget_type=\"heading.default\">\n\t\t\t\t\t<h2 class=\"elementor-heading-title elementor-size-default\">Guri Buruz<\/h2>\t\t\t\t<\/div>\n\t\t\t\t<div class=\"elementor-element elementor-element-5771290 elementor-widget elementor-widget-text-editor\" data-id=\"5771290\" data-element_type=\"widget\" data-e-type=\"widget\" data-widget_type=\"text-editor.default\">\n\t\t\t\t\t\t\t\t\t<p data-start=\"147\" data-end=\"431\">Ongi etorri gure txokora, erretiratuen taberna tradizional batera, non adiskidetasuna, solasaldia eta une onak baitira gure espezialitatea. Hemen giro atsegina aurkituko duzu, oroitzapenez eta irribarrez betea, erlaxatzeko eta lagun edo bizilagunen konpainiaz gozatzeko ezin hobea.<\/p><p data-start=\"433\" data-end=\"722\">Gainera, ostiral eta larunbatetan eraldatu egiten gara afari goxoak eskaintzeko, maitasunez eginak eta zure gaualdia berezia izan dadin pentsatuak. Lasai egoteko, gure espezialitateak probatzeko edo lagunekin partekatzeko, gure tabernan beti dago leku bat zuretzat.<\/p>\t\t\t\t\t\t\t\t<\/div>\n\t\t\t\t<\/div>\n\t\t<div class=\"elementor-element elementor-element-c7b9424 e-con-full e-flex elementor-invisible e-con e-child\" data-id=\"c7b9424\" data-element_type=\"container\" data-e-type=\"container\" data-settings=\"{&quot;animation&quot;:&quot;fadeInUp&quot;}\">\n\t\t\t\t<div class=\"elementor-element elementor-element-42808e8 elementor-widget elementor-widget-image\" data-id=\"42808e8\" data-element_type=\"widget\" data-e-type=\"widget\" data-widget_type=\"image.default\">\n\t\t\t\t\t\t\t\t\t\t\t\t\t\t\t<img fetchpriority=\"high\" decoding=\"async\" width=\"1024\" height=\"1024\" src=\"https:\/\/elcentroaranguren.com\/wp-content\/uploads\/2026\/02\/elcentro.png\" class=\"attachment-full size-full wp-image-194\" alt=\"\" srcset=\"https:\/\/elcentroaranguren.com\/wp-content\/uploads\/2026\/02\/elcentro.png 1024w, https:\/\/elcentroaranguren.com\/wp-content\/uploads\/2026\/02\/elcentro-300x300.png 300w, https:\/\/elcentroaranguren.com\/wp-content\/uploads\/2026\/02\/elcentro-150x150.png 150w, https:\/\/elcentroaranguren.com\/wp-content\/uploads\/2026\/02\/elcentro-768x768.png 768w, https:\/\/elcentroaranguren.com\/wp-content\/uploads\/2026\/02\/elcentro-12x12.png 12w\" sizes=\"(max-width: 1024px) 100vw, 1024px\" \/>\t\t\t\t\t\t\t\t\t\t\t\t\t\t\t<\/div>\n\t\t\t\t<\/div>\n\t\t\t\t\t<\/div>\n\t\t\t\t<\/div>\n\t\t<div class=\"elementor-element elementor-element-0cf2a9f e-flex e-con-boxed e-con e-parent\" data-id=\"0cf2a9f\" data-element_type=\"container\" data-e-type=\"container\" data-settings=\"{&quot;background_background&quot;:&quot;classic&quot;}\">\n\t\t\t\t\t<div class=\"e-con-inner\">\n\t\t\t\t<div class=\"elementor-element elementor-element-9d996f1 elementor-widget elementor-widget-heading\" data-id=\"9d996f1\" data-element_type=\"widget\" data-e-type=\"widget\" data-widget_type=\"heading.default\">\n\t\t\t\t\t<h2 class=\"elementor-heading-title elementor-size-default\">Menua<\/h2>\t\t\t\t<\/div>\n\t\t\t\t\t<\/div>\n\t\t\t\t<\/div>\n\t\t<div class=\"elementor-element elementor-element-f7afa93 e-flex e-con-boxed e-con e-parent\" data-id=\"f7afa93\" data-element_type=\"container\" data-e-type=\"container\" data-settings=\"{&quot;background_background&quot;:&quot;classic&quot;}\">\n\t\t\t\t\t<div class=\"e-con-inner\">\n\t\t\t\t<div class=\"elementor-element elementor-element-8276af4 elementor-widget elementor-widget-gallery\" data-id=\"8276af4\" data-element_type=\"widget\" data-e-type=\"widget\" data-settings=\"{&quot;columns&quot;:3,&quot;columns_tablet&quot;:3,&quot;columns_mobile&quot;:2,&quot;gap_mobile&quot;:{&quot;unit&quot;:&quot;px&quot;,&quot;size&quot;:5,&quot;sizes&quot;:[]},&quot;aspect_ratio&quot;:&quot;4:3&quot;,&quot;lazyload&quot;:&quot;yes&quot;,&quot;gallery_layout&quot;:&quot;grid&quot;,&quot;gap&quot;:{&quot;unit&quot;:&quot;px&quot;,&quot;size&quot;:10,&quot;sizes&quot;:[]},&quot;gap_tablet&quot;:{&quot;unit&quot;:&quot;px&quot;,&quot;size&quot;:10,&quot;sizes&quot;:[]},&quot;link_to&quot;:&quot;file&quot;,&quot;overlay_background&quot;:&quot;yes&quot;,&quot;content_hover_animation&quot;:&quot;fade-in&quot;}\" data-widget_type=\"gallery.default\">\n\t\t\t\t\t\t\t<div class=\"elementor-gallery__container\">\n\t\t\t\t\t\t\t<a class=\"e-gallery-item elementor-gallery-item elementor-animated-content\" href=\"https:\/\/elcentroaranguren.com\/wp-content\/uploads\/2026\/02\/WhatsApp-Image-2026-02-09-at-15.07.16-1.jpeg\" data-elementor-open-lightbox=\"yes\" data-elementor-lightbox-slideshow=\"8276af4\" data-elementor-lightbox-title=\"WhatsApp Image 2026-02-09 at 15.07.16 (1)\" data-e-action-hash=\"#elementor-action%3Aaction%3Dlightbox%26settings%3DeyJpZCI6MzAyLCJ1cmwiOiJodHRwczpcL1wvZWxjZW50cm9hcmFuZ3VyZW4uY29tXC93cC1jb250ZW50XC91cGxvYWRzXC8yMDI2XC8wMlwvV2hhdHNBcHAtSW1hZ2UtMjAyNi0wMi0wOS1hdC0xNS4wNy4xNi0xLmpwZWciLCJzbGlkZXNob3ciOiI4Mjc2YWY0In0%3D\">\n\t\t\t\t\t<div class=\"e-gallery-image elementor-gallery-item__image\" data-thumbnail=\"https:\/\/elcentroaranguren.com\/wp-content\/uploads\/2026\/02\/WhatsApp-Image-2026-02-09-at-15.07.16-1.jpeg\" data-width=\"1206\" data-height=\"1694\" aria-label=\"\" role=\"img\" ><\/div>\n\t\t\t\t\t\t\t\t\t\t\t<div class=\"elementor-gallery-item__overlay\"><\/div>\n\t\t\t\t\t\t\t\t\t\t\t\t\t\t<\/a>\n\t\t\t\t\t\t\t<a class=\"e-gallery-item elementor-gallery-item elementor-animated-content\" href=\"https:\/\/elcentroaranguren.com\/wp-content\/uploads\/2026\/02\/WhatsApp-Image-2026-02-09-at-15.07.16.jpeg\" data-elementor-open-lightbox=\"yes\" data-elementor-lightbox-slideshow=\"8276af4\" data-elementor-lightbox-title=\"WhatsApp Image 2026-02-09 at 15.07.16\" data-e-action-hash=\"#elementor-action%3Aaction%3Dlightbox%26settings%3DeyJpZCI6MzAzLCJ1cmwiOiJodHRwczpcL1wvZWxjZW50cm9hcmFuZ3VyZW4uY29tXC93cC1jb250ZW50XC91cGxvYWRzXC8yMDI2XC8wMlwvV2hhdHNBcHAtSW1hZ2UtMjAyNi0wMi0wOS1hdC0xNS4wNy4xNi5qcGVnIiwic2xpZGVzaG93IjoiODI3NmFmNCJ9\">\n\t\t\t\t\t<div class=\"e-gallery-image elementor-gallery-item__image\" data-thumbnail=\"https:\/\/elcentroaranguren.com\/wp-content\/uploads\/2026\/02\/WhatsApp-Image-2026-02-09-at-15.07.16.jpeg\" data-width=\"1206\" data-height=\"1702\" aria-label=\"\" role=\"img\" ><\/div>\n\t\t\t\t\t\t\t\t\t\t\t<div class=\"elementor-gallery-item__overlay\"><\/div>\n\t\t\t\t\t\t\t\t\t\t\t\t\t\t<\/a>\n\t\t\t\t\t\t\t<a class=\"e-gallery-item elementor-gallery-item elementor-animated-content\" href=\"https:\/\/elcentroaranguren.com\/wp-content\/uploads\/2026\/02\/589122.png\" data-elementor-open-lightbox=\"yes\" data-elementor-lightbox-slideshow=\"8276af4\" data-elementor-lightbox-title=\"589122\" data-e-action-hash=\"#elementor-action%3Aaction%3Dlightbox%26settings%3DeyJpZCI6MTc5LCJ1cmwiOiJodHRwczpcL1wvZWxjZW50cm9hcmFuZ3VyZW4uY29tXC93cC1jb250ZW50XC91cGxvYWRzXC8yMDI2XC8wMlwvNTg5MTIyLnBuZyIsInNsaWRlc2hvdyI6IjgyNzZhZjQifQ%3D%3D\">\n\t\t\t\t\t<div class=\"e-gallery-image elementor-gallery-item__image\" data-thumbnail=\"https:\/\/elcentroaranguren.com\/wp-content\/uploads\/2026\/02\/589122.png\" data-width=\"1024\" data-height=\"1536\" aria-label=\"\" role=\"img\" ><\/div>\n\t\t\t\t\t\t\t\t\t\t\t<div class=\"elementor-gallery-item__overlay\"><\/div>\n\t\t\t\t\t\t\t\t\t\t\t\t\t\t<\/a>\n\t\t\t\t\t\t\t<a class=\"e-gallery-item elementor-gallery-item elementor-animated-content\" href=\"https:\/\/elcentroaranguren.com\/wp-content\/uploads\/2026\/02\/589123.png\" data-elementor-open-lightbox=\"yes\" data-elementor-lightbox-slideshow=\"8276af4\" data-elementor-lightbox-title=\"589123\" data-e-action-hash=\"#elementor-action%3Aaction%3Dlightbox%26settings%3DeyJpZCI6MTczLCJ1cmwiOiJodHRwczpcL1wvZWxjZW50cm9hcmFuZ3VyZW4uY29tXC93cC1jb250ZW50XC91cGxvYWRzXC8yMDI2XC8wMlwvNTg5MTIzLnBuZyIsInNsaWRlc2hvdyI6IjgyNzZhZjQifQ%3D%3D\">\n\t\t\t\t\t<div class=\"e-gallery-image elementor-gallery-item__image\" data-thumbnail=\"https:\/\/elcentroaranguren.com\/wp-content\/uploads\/2026\/02\/589123.png\" data-width=\"1024\" data-height=\"1536\" aria-label=\"\" role=\"img\" ><\/div>\n\t\t\t\t\t\t\t\t\t\t\t<div class=\"elementor-gallery-item__overlay\"><\/div>\n\t\t\t\t\t\t\t\t\t\t\t\t\t\t<\/a>\n\t\t\t\t\t\t\t<a class=\"e-gallery-item elementor-gallery-item elementor-animated-content\" href=\"https:\/\/elcentroaranguren.com\/wp-content\/uploads\/2026\/02\/589121.png\" data-elementor-open-lightbox=\"yes\" data-elementor-lightbox-slideshow=\"8276af4\" data-elementor-lightbox-title=\"589121\" data-e-action-hash=\"#elementor-action%3Aaction%3Dlightbox%26settings%3DeyJpZCI6MTc1LCJ1cmwiOiJodHRwczpcL1wvZWxjZW50cm9hcmFuZ3VyZW4uY29tXC93cC1jb250ZW50XC91cGxvYWRzXC8yMDI2XC8wMlwvNTg5MTIxLnBuZyIsInNsaWRlc2hvdyI6IjgyNzZhZjQifQ%3D%3D\">\n\t\t\t\t\t<div class=\"e-gallery-image elementor-gallery-item__image\" data-thumbnail=\"https:\/\/elcentroaranguren.com\/wp-content\/uploads\/2026\/02\/589121.png\" data-width=\"1024\" data-height=\"1536\" aria-label=\"\" role=\"img\" ><\/div>\n\t\t\t\t\t\t\t\t\t\t\t<div class=\"elementor-gallery-item__overlay\"><\/div>\n\t\t\t\t\t\t\t\t\t\t\t\t\t\t<\/a>\n\t\t\t\t\t\t\t<a class=\"e-gallery-item elementor-gallery-item elementor-animated-content\" href=\"https:\/\/elcentroaranguren.com\/wp-content\/uploads\/2026\/02\/589125.png\" data-elementor-open-lightbox=\"yes\" data-elementor-lightbox-slideshow=\"8276af4\" data-elementor-lightbox-title=\"589125\" data-e-action-hash=\"#elementor-action%3Aaction%3Dlightbox%26settings%3DeyJpZCI6MTc3LCJ1cmwiOiJodHRwczpcL1wvZWxjZW50cm9hcmFuZ3VyZW4uY29tXC93cC1jb250ZW50XC91cGxvYWRzXC8yMDI2XC8wMlwvNTg5MTI1LnBuZyIsInNsaWRlc2hvdyI6IjgyNzZhZjQifQ%3D%3D\">\n\t\t\t\t\t<div class=\"e-gallery-image elementor-gallery-item__image\" data-thumbnail=\"https:\/\/elcentroaranguren.com\/wp-content\/uploads\/2026\/02\/589125.png\" data-width=\"1024\" data-height=\"1536\" aria-label=\"\" role=\"img\" ><\/div>\n\t\t\t\t\t\t\t\t\t\t\t<div class=\"elementor-gallery-item__overlay\"><\/div>\n\t\t\t\t\t\t\t\t\t\t\t\t\t\t<\/a>\n\t\t\t\t\t<\/div>\n\t\t\t\t\t<\/div>\n\t\t\t\t\t<\/div>\n\t\t\t\t<\/div>\n\t\t<div class=\"elementor-element elementor-element-04aa82d e-flex e-con-boxed e-con e-parent\" data-id=\"04aa82d\" data-element_type=\"container\" data-e-type=\"container\" data-settings=\"{&quot;background_background&quot;:&quot;classic&quot;}\">\n\t\t\t\t\t<div class=\"e-con-inner\">\n\t\t\t\t<div class=\"elementor-element elementor-element-5396b89 elementor-invisible elementor-widget elementor-widget-heading\" data-id=\"5396b89\" data-element_type=\"widget\" data-e-type=\"widget\" data-settings=\"{&quot;_animation&quot;:&quot;fadeInUp&quot;}\" data-widget_type=\"heading.default\">\n\t\t\t\t\t<h2 class=\"elementor-heading-title elementor-size-default\">Ezagutu zuretzat dugun guztia<\/h2>\t\t\t\t<\/div>\n\t\t\t\t<div class=\"elementor-element elementor-element-371b08e elementor-align-center elementor-widget elementor-widget-button\" data-id=\"371b08e\" data-element_type=\"widget\" data-e-type=\"widget\" data-widget_type=\"button.default\">\n\t\t\t\t\t\t\t\t\t\t<a class=\"elementor-button elementor-button-link elementor-size-sm\" href=\"\/eu\/servicios\/\">\n\t\t\t\t\t\t<span class=\"elementor-button-content-wrapper\">\n\t\t\t\t\t\t\t\t\t<span class=\"elementor-button-text\">Ikusi zerbitzuak<\/span>\n\t\t\t\t\t<\/span>\n\t\t\t\t\t<\/a>\n\t\t\t\t\t\t\t\t<\/div>\n\t\t\t\t\t<\/div>\n\t\t\t\t<\/div>\n\t\t\t\t<\/div>","protected":false},"excerpt":{"rendered":"<p>El Centro Donde los amigos se encuentran Sobre nosotros Bienvenido a nuestro rinc\u00f3n, un bar tradicional de jubilados donde la amistad, la charla y los buenos momentos son nuestra especialidad. Aqu\u00ed encontrar\u00e1s un ambiente acogedor, lleno de recuerdos y sonrisas, perfecto para relajarte y disfrutar de la compa\u00f1\u00eda de amigos o vecinos. Adem\u00e1s, los viernes [&hellip;]<\/p>\n","protected":false},"author":1,"featured_media":0,"parent":0,"menu_order":0,"comment_status":"closed","ping_status":"closed","template":"","meta":{"footnotes":""},"class_list":["post-9","page","type-page","status-publish","hentry"],"yoast_head":"<!-- This site is optimized with the Yoast SEO plugin v27.3 - https:\/\/yoast.com\/product\/yoast-seo-wordpress\/ -->\n<title>Inicio - El Centro<\/title>\n<meta name=\"robots\" content=\"index, follow, max-snippet:-1, max-image-preview:large, max-video-preview:-1\" \/>\n<link rel=\"canonical\" href=\"https:\/\/elcentroaranguren.com\/eu\/\" \/>\n<meta property=\"og:locale\" content=\"en_US\" \/>\n<meta property=\"og:type\" content=\"article\" \/>\n<meta property=\"og:title\" content=\"Inicio - El Centro\" \/>\n<meta property=\"og:description\" content=\"El Centro Donde los amigos se encuentran Sobre nosotros Bienvenido a nuestro rinc\u00f3n, un bar tradicional de jubilados donde la amistad, la charla y los buenos momentos son nuestra especialidad. Aqu\u00ed encontrar\u00e1s un ambiente acogedor, lleno de recuerdos y sonrisas, perfecto para relajarte y disfrutar de la compa\u00f1\u00eda de amigos o vecinos. Adem\u00e1s, los viernes [&hellip;]\" \/>\n<meta property=\"og:url\" content=\"https:\/\/elcentroaranguren.com\/eu\/\" \/>\n<meta property=\"og:site_name\" content=\"El Centro\" \/>\n<meta property=\"article:modified_time\" content=\"2026-02-09T15:17:56+00:00\" \/>\n<meta property=\"og:image\" content=\"https:\/\/elcentroaranguren.com\/wp-content\/uploads\/2026\/02\/elcentro.png\" \/>\n<meta name=\"twitter:card\" content=\"summary_large_image\" \/>\n<meta name=\"twitter:label1\" content=\"Est. reading time\" \/>\n\t<meta name=\"twitter:data1\" content=\"1 minutua\" \/>\n<script type=\"application\/ld+json\" class=\"yoast-schema-graph\">{\"@context\":\"https:\\\/\\\/schema.org\",\"@graph\":[{\"@type\":\"WebPage\",\"@id\":\"https:\\\/\\\/elcentroaranguren.com\\\/\",\"url\":\"https:\\\/\\\/elcentroaranguren.com\\\/\",\"name\":\"Inicio - El Centro\",\"isPartOf\":{\"@id\":\"https:\\\/\\\/elcentroaranguren.com\\\/#website\"},\"primaryImageOfPage\":{\"@id\":\"https:\\\/\\\/elcentroaranguren.com\\\/#primaryimage\"},\"image\":{\"@id\":\"https:\\\/\\\/elcentroaranguren.com\\\/#primaryimage\"},\"thumbnailUrl\":\"https:\\\/\\\/elcentroaranguren.com\\\/wp-content\\\/uploads\\\/2026\\\/02\\\/elcentro.png\",\"datePublished\":\"2026-02-06T16:37:23+00:00\",\"dateModified\":\"2026-02-09T15:17:56+00:00\",\"breadcrumb\":{\"@id\":\"https:\\\/\\\/elcentroaranguren.com\\\/#breadcrumb\"},\"inLanguage\":\"eu\",\"potentialAction\":[{\"@type\":\"ReadAction\",\"target\":[\"https:\\\/\\\/elcentroaranguren.com\\\/\"]}]},{\"@type\":\"ImageObject\",\"inLanguage\":\"eu\",\"@id\":\"https:\\\/\\\/elcentroaranguren.com\\\/#primaryimage\",\"url\":\"https:\\\/\\\/elcentroaranguren.com\\\/wp-content\\\/uploads\\\/2026\\\/02\\\/elcentro.png\",\"contentUrl\":\"https:\\\/\\\/elcentroaranguren.com\\\/wp-content\\\/uploads\\\/2026\\\/02\\\/elcentro.png\"},{\"@type\":\"BreadcrumbList\",\"@id\":\"https:\\\/\\\/elcentroaranguren.com\\\/#breadcrumb\",\"itemListElement\":[{\"@type\":\"ListItem\",\"position\":1,\"name\":\"Portada\",\"item\":\"https:\\\/\\\/elcentroaranguren.com\\\/\"},{\"@type\":\"ListItem\",\"position\":2,\"name\":\"Inicio\"}]},{\"@type\":\"WebSite\",\"@id\":\"https:\\\/\\\/elcentroaranguren.com\\\/#website\",\"url\":\"https:\\\/\\\/elcentroaranguren.com\\\/\",\"name\":\"El Centro\",\"description\":\"\",\"publisher\":{\"@id\":\"https:\\\/\\\/elcentroaranguren.com\\\/#organization\"},\"potentialAction\":[{\"@type\":\"SearchAction\",\"target\":{\"@type\":\"EntryPoint\",\"urlTemplate\":\"https:\\\/\\\/elcentroaranguren.com\\\/?s={search_term_string}\"},\"query-input\":{\"@type\":\"PropertyValueSpecification\",\"valueRequired\":true,\"valueName\":\"search_term_string\"}}],\"inLanguage\":\"eu\"},{\"@type\":\"Organization\",\"@id\":\"https:\\\/\\\/elcentroaranguren.com\\\/#organization\",\"name\":\"El Centro\",\"url\":\"https:\\\/\\\/elcentroaranguren.com\\\/\",\"logo\":{\"@type\":\"ImageObject\",\"inLanguage\":\"eu\",\"@id\":\"https:\\\/\\\/elcentroaranguren.com\\\/#\\\/schema\\\/logo\\\/image\\\/\",\"url\":\"https:\\\/\\\/elcentroaranguren.com\\\/wp-content\\\/uploads\\\/2026\\\/02\\\/cropped-CA5B85B0-9D40-462C-B2BD-67F72C48B02A-Joel-Garcia.png\",\"contentUrl\":\"https:\\\/\\\/elcentroaranguren.com\\\/wp-content\\\/uploads\\\/2026\\\/02\\\/cropped-CA5B85B0-9D40-462C-B2BD-67F72C48B02A-Joel-Garcia.png\",\"width\":1024,\"height\":789,\"caption\":\"El Centro \"},\"image\":{\"@id\":\"https:\\\/\\\/elcentroaranguren.com\\\/#\\\/schema\\\/logo\\\/image\\\/\"}}]}<\/script>\n<!-- \/ Yoast SEO plugin. -->","yoast_head_json":{"title":"Inicio - El Centro","robots":{"index":"index","follow":"follow","max-snippet":"max-snippet:-1","max-image-preview":"max-image-preview:large","max-video-preview":"max-video-preview:-1"},"canonical":"https:\/\/elcentroaranguren.com\/eu\/","og_locale":"en_US","og_type":"article","og_title":"Inicio - El Centro","og_description":"El Centro Donde los amigos se encuentran Sobre nosotros Bienvenido a nuestro rinc\u00f3n, un bar tradicional de jubilados donde la amistad, la charla y los buenos momentos son nuestra especialidad. Aqu\u00ed encontrar\u00e1s un ambiente acogedor, lleno de recuerdos y sonrisas, perfecto para relajarte y disfrutar de la compa\u00f1\u00eda de amigos o vecinos. Adem\u00e1s, los viernes [&hellip;]","og_url":"https:\/\/elcentroaranguren.com\/eu\/","og_site_name":"El Centro","article_modified_time":"2026-02-09T15:17:56+00:00","og_image":[{"url":"https:\/\/elcentroaranguren.com\/wp-content\/uploads\/2026\/02\/elcentro.png","type":"","width":"","height":""}],"twitter_card":"summary_large_image","twitter_misc":{"Est. reading time":"1 minutua"},"schema":{"@context":"https:\/\/schema.org","@graph":[{"@type":"WebPage","@id":"https:\/\/elcentroaranguren.com\/","url":"https:\/\/elcentroaranguren.com\/","name":"Inicio - El Centro","isPartOf":{"@id":"https:\/\/elcentroaranguren.com\/#website"},"primaryImageOfPage":{"@id":"https:\/\/elcentroaranguren.com\/#primaryimage"},"image":{"@id":"https:\/\/elcentroaranguren.com\/#primaryimage"},"thumbnailUrl":"https:\/\/elcentroaranguren.com\/wp-content\/uploads\/2026\/02\/elcentro.png","datePublished":"2026-02-06T16:37:23+00:00","dateModified":"2026-02-09T15:17:56+00:00","breadcrumb":{"@id":"https:\/\/elcentroaranguren.com\/#breadcrumb"},"inLanguage":"eu","potentialAction":[{"@type":"ReadAction","target":["https:\/\/elcentroaranguren.com\/"]}]},{"@type":"ImageObject","inLanguage":"eu","@id":"https:\/\/elcentroaranguren.com\/#primaryimage","url":"https:\/\/elcentroaranguren.com\/wp-content\/uploads\/2026\/02\/elcentro.png","contentUrl":"https:\/\/elcentroaranguren.com\/wp-content\/uploads\/2026\/02\/elcentro.png"},{"@type":"BreadcrumbList","@id":"https:\/\/elcentroaranguren.com\/#breadcrumb","itemListElement":[{"@type":"ListItem","position":1,"name":"Portada","item":"https:\/\/elcentroaranguren.com\/"},{"@type":"ListItem","position":2,"name":"Inicio"}]},{"@type":"WebSite","@id":"https:\/\/elcentroaranguren.com\/#website","url":"https:\/\/elcentroaranguren.com\/","name":"El Centro","description":"","publisher":{"@id":"https:\/\/elcentroaranguren.com\/#organization"},"potentialAction":[{"@type":"SearchAction","target":{"@type":"EntryPoint","urlTemplate":"https:\/\/elcentroaranguren.com\/?s={search_term_string}"},"query-input":{"@type":"PropertyValueSpecification","valueRequired":true,"valueName":"search_term_string"}}],"inLanguage":"eu"},{"@type":"Organization","@id":"https:\/\/elcentroaranguren.com\/#organization","name":"El Centro","url":"https:\/\/elcentroaranguren.com\/","logo":{"@type":"ImageObject","inLanguage":"eu","@id":"https:\/\/elcentroaranguren.com\/#\/schema\/logo\/image\/","url":"https:\/\/elcentroaranguren.com\/wp-content\/uploads\/2026\/02\/cropped-CA5B85B0-9D40-462C-B2BD-67F72C48B02A-Joel-Garcia.png","contentUrl":"https:\/\/elcentroaranguren.com\/wp-content\/uploads\/2026\/02\/cropped-CA5B85B0-9D40-462C-B2BD-67F72C48B02A-Joel-Garcia.png","width":1024,"height":789,"caption":"El Centro "},"image":{"@id":"https:\/\/elcentroaranguren.com\/#\/schema\/logo\/image\/"}}]}},"_links":{"self":[{"href":"https:\/\/elcentroaranguren.com\/eu\/wp-json\/wp\/v2\/pages\/9","targetHints":{"allow":["GET"]}}],"collection":[{"href":"https:\/\/elcentroaranguren.com\/eu\/wp-json\/wp\/v2\/pages"}],"about":[{"href":"https:\/\/elcentroaranguren.com\/eu\/wp-json\/wp\/v2\/types\/page"}],"author":[{"embeddable":true,"href":"https:\/\/elcentroaranguren.com\/eu\/wp-json\/wp\/v2\/users\/1"}],"replies":[{"embeddable":true,"href":"https:\/\/elcentroaranguren.com\/eu\/wp-json\/wp\/v2\/comments?post=9"}],"version-history":[{"count":67,"href":"https:\/\/elcentroaranguren.com\/eu\/wp-json\/wp\/v2\/pages\/9\/revisions"}],"predecessor-version":[{"id":306,"href":"https:\/\/elcentroaranguren.com\/eu\/wp-json\/wp\/v2\/pages\/9\/revisions\/306"}],"wp:attachment":[{"href":"https:\/\/elcentroaranguren.com\/eu\/wp-json\/wp\/v2\/media?parent=9"}],"curies":[{"name":"wp","href":"https:\/\/api.w.org\/{rel}","templated":true}]}}